{"id":477,"date":"2023-07-18T09:18:39","date_gmt":"2023-07-18T07:18:39","guid":{"rendered":"https:\/\/familienbuch-voss.de\/?page_id=477"},"modified":"2023-10-03T19:00:30","modified_gmt":"2023-10-03T17:00:30","slug":"stammbaum","status":"publish","type":"page","link":"https:\/\/www.familienbuch-voss.de\/?page_id=477","title":{"rendered":"Stammbaum"},"content":{"rendered":"\n<p>Der Stammbaum erfasst derzeit \u00fcber 2.300 Personen, die zum einen meine, <a rel=\"noreferrer noopener\" href=\"https:\/\/www.myheritage.de\/site-family-tree-259299161\/familienbuch-vo%C3%9F?rootIndivudalID=1000001&amp;familyTreeID=1\" data-type=\"link\" data-id=\"https:\/\/www.myheritage.de\/site-family-tree-259299161\/familienbuch-vo%C3%9F?rootIndivudalID=1000001&amp;familyTreeID=1\" target=\"_blank\">Michael Vo\u00df<\/a>, direkten Vorfahren, zum anderen aber auch Familienverzweigungen bis in die Gegenwart repr\u00e4sentieren. <\/p>\n\n\n\n<p>Das \u00e4lteste Familienmitglied ist <a rel=\"noreferrer noopener\" href=\"https:\/\/www.myheritage.de\/site-family-tree-259299161\/familienbuch-vo%C3%9F?rootIndivudalID=1502345&amp;familyTreeID=1\" target=\"_blank\">Hans Hinrik von Mechteshusen<\/a>. Er kam 1330 in Goslar im heutigen Niedersachsen zur Welt und verstarb ungef\u00e4hr 1375. Von Mechteshusen stammt aus der Familie des Reformators <a rel=\"noreferrer noopener\" href=\"https:\/\/www.myheritage.de\/site-family-tree-259299161\/familienbuch-vo%C3%9F?rootIndivudalID=1501827&amp;familyTreeID=1\" target=\"_blank\">Martin Luther<\/a>, der wohl das ber\u00fchmteste Mitglied dieses Stammbaums ist.<\/p>\n\n\n\n<p>Bei der Familie Vo\u00df f\u00fchrt uns der Stammbaum ins Jahr 1760 zur\u00fcck: Am 30. April des Jahres brachte <a rel=\"noreferrer noopener\" href=\"https:\/\/www.myheritage.de\/site-family-tree-259299161\/familienbuch-vo%C3%9F?rootIndivudalID=1500316&amp;familyTreeID=1\" target=\"_blank\">Gretje Voss<\/a> ihren Sohn <a rel=\"noreferrer noopener\" href=\"https:\/\/www.myheritage.de\/site-family-tree-259299161\/familienbuch-vo%C3%9F?rootIndivudalID=1500177&amp;familyTreeID=1\" target=\"_blank\">Mares Voss<\/a> zur Welt.<\/p>\n\n\n\n<p>Zum Stammbaum geh\u00f6ren 646 Familien (Stand: 03.10.23). <\/p>\n\n\n<div class=\"wp-block-image is-style-default\">\n<figure class=\"alignleft size-medium\"><a href=\"https:\/\/familienbuch-voss.de\/wp-content\/uploads\/2023\/07\/Stammbaum_Mares_Voss.jpg\"><img decoding=\"async\" loading=\"lazy\" width=\"300\" height=\"155\" src=\"https:\/\/familienbuch-voss.de\/wp-content\/uploads\/2023\/07\/Stammbaum_Mares_Voss-300x155.jpg\" alt=\"Ausschnitt aus dem Stammbaum - gezeigt werden die \u00e4ltesten Vertreter der Familie Vo\u00df\" class=\"wp-image-488\" srcset=\"https:\/\/www.familienbuch-voss.de\/wp-content\/uploads\/2023\/07\/Stammbaum_Mares_Voss-300x155.jpg 300w, https:\/\/www.familienbuch-voss.de\/wp-content\/uploads\/2023\/07\/Stammbaum_Mares_Voss-768x396.jpg 768w, https:\/\/www.familienbuch-voss.de\/wp-content\/uploads\/2023\/07\/Stammbaum_Mares_Voss-508x262.jpg 508w, https:\/\/www.familienbuch-voss.de\/wp-content\/uploads\/2023\/07\/Stammbaum_Mares_Voss.jpg 932w\" sizes=\"(max-width: 300px) 100vw, 300px\" \/><\/a><figcaption class=\"wp-element-caption\">Ausschnitt aus dem Stammbaum &#8211; gezeigt werden die \u00e4ltesten Vertreter der Familie Vo\u00df<\/figcaption><\/figure><\/div>\n\n\n<p>F\u00fcr den Stammbaum nutze ich das Programm My Heritage, welches zum einen die Daten der lebenden Personen sch\u00fctzt, zum anderen aber auch viele M\u00f6glichkeiten f\u00fcr Ahnenforschungen bietet. <\/p>\n\n\n\n<p>Den kompletten Stammbaum erreichen Sie <a rel=\"noreferrer noopener\" href=\"https:\/\/www.myheritage.de\/site-family-tree-259299161\/familienbuch-vo%C3%9F\" target=\"_blank\">hier<\/a>, wobei aus Datenschutzgr\u00fcnden lebende Personen nicht mit vollst\u00e4ndigen Daten oder Fotos verzeichnet sind. F\u00fcr den verlinkten Stammbaum gelten die <a rel=\"noreferrer noopener\" href=\"https:\/\/www.myheritage.de\/privacy-policy\" target=\"_blank\">Datenschutzbestimmungen von My Heritage<\/a>.<\/p>\n","protected":false},"excerpt":{"rendered":"<p>Der Stammbaum erfasst derzeit \u00fcber 2.300 Personen, die zum einen meine, Michael Vo\u00df, direkten Vorfahren, zum anderen aber auch Familienverzweigungen bis in die Gegenwart repr\u00e4sentieren. Das \u00e4lteste Familienmitglied ist Hans Hinrik von Mechteshusen. Er kam 1330 in Goslar im heutigen Niedersachsen zur Welt und verstarb ungef\u00e4hr 1375. Von Mechteshusen stammt aus der Familie des Reformators [&hellip;]<\/p>\n","protected":false},"author":1,"featured_media":490,"parent":0,"menu_order":100,"comment_status":"closed","ping_status":"closed","template":"","meta":{"footnotes":""},"_links":{"self":[{"href":"https:\/\/www.familienbuch-voss.de\/index.php?rest_route=\/wp\/v2\/pages\/477"}],"collection":[{"href":"https:\/\/www.familienbuch-voss.de\/index.php?rest_route=\/wp\/v2\/pages"}],"about":[{"href":"https:\/\/www.familienbuch-voss.de\/index.php?rest_route=\/wp\/v2\/types\/page"}],"author":[{"embeddable":true,"href":"https:\/\/www.familienbuch-voss.de\/index.php?rest_route=\/wp\/v2\/users\/1"}],"replies":[{"embeddable":true,"href":"https:\/\/www.familienbuch-voss.de\/index.php?rest_route=%2Fwp%2Fv2%2Fcomments&post=477"}],"version-history":[{"count":34,"href":"https:\/\/www.familienbuch-voss.de\/index.php?rest_route=\/wp\/v2\/pages\/477\/revisions"}],"predecessor-version":[{"id":700,"href":"https:\/\/www.familienbuch-voss.de\/index.php?rest_route=\/wp\/v2\/pages\/477\/revisions\/700"}],"wp:featuredmedia":[{"embeddable":true,"href":"https:\/\/www.familienbuch-voss.de\/index.php?rest_route=\/wp\/v2\/media\/490"}],"wp:attachment":[{"href":"https:\/\/www.familienbuch-voss.de\/index.php?rest_route=%2Fwp%2Fv2%2Fmedia&parent=477"}],"curies":[{"name":"wp","href":"https:\/\/api.w.org\/{rel}","templated":true}]}}